{"id":53,"date":"2010-10-12T08:55:11","date_gmt":"2010-10-12T08:55:11","guid":{"rendered":"http:\/\/dsc.unisa.it\/fimiani\/?page_id=53"},"modified":"2010-10-12T08:55:11","modified_gmt":"2010-10-12T08:55:11","slug":"links","status":"publish","type":"page","link":"http:\/\/dsc.unisa.it\/fimiani\/index.php\/links\/","title":{"rendered":"links"},"content":{"rendered":"<div>\n<p>_<\/p>\n<p><a href=\"http:\/\/www.siestetica.it\/\">Societ\u00e0 Italiana di Estetica (SIE)<\/a><\/p>\n<p><a href=\"http:\/\/www.aisthesisonline.it\/\">Aisthesis. Pratiche, linguaggi e saperi dell&#8217;estetico<\/a><\/p>\n<p><a href=\"http:\/\/web.univ-pau.fr\/cicada\">Centre Inter-Critique des Arts et des Discours sur les Arts (CICADA)<\/a><\/p>\n<p><a href=\"http:\/\/www.institut-acte.cnrs.fr\/\">Institut Arts, Cr\u00e9ations, Th\u00e9ories, Esth\u00e9tique (ACTE)<\/a><\/p>\n<p><a href=\"http:\/\/www.institut-acte.cnrs.fr\/aesthetica\/\">\u00c6sthetica. Art et Philosophie (AES)<\/a><\/p>\n<p><a href=\"http:\/\/marincazaou.pagesperso-orange.fr\/esthetique.html\">Figures de l&#8217;Art. Revue d&#8217;\u00e9tudes esth\u00e9tiques<\/a><\/p>\n<p><a href=\"http:\/\/www.lapartdeloeil.be\/OLD\/index.htm\">La Part de l&#8217;\u0152il. Revue de pens\u00e9e des arts plastiques<\/a><\/p>\n<p><a href=\"http:\/\/www.peabody.harvard.edu\/res-journal\">Res. Journal of Anthropology and Aesthetics<\/a><\/p>\n<p><a href=\"http:\/\/www.sensibilia.it\/index.html\">Sensibilia. Colloquium on Perception and Experience<\/a><\/p>\n<p><a href=\"http:\/\/www.eikones.ch\/\">Eikones. Bildkritik<\/a><\/p>\n<p><a href=\"http:\/\/www.soft-avenue.com\/wikicreation_new\/\">WikiCreation<\/a><\/p>\n<\/div>\n","protected":false},"excerpt":{"rendered":"<p>_ Societ\u00e0 Italiana di Estetica (SIE) Aisthesis. Pratiche, linguaggi e saperi dell&#8217;estetico Centre Inter-Critique des Arts et des Discours sur les Arts (CICADA) Institut Arts, Cr\u00e9ations, Th\u00e9ories, Esth\u00e9tique (ACTE) \u00c6sthetica. Art et Philosophie (AES) Figures de l&#8217;Art. Revue d&#8217;\u00e9tudes esth\u00e9tiques <span class=\"readmore\"><a href=\"http:\/\/dsc.unisa.it\/fimiani\/index.php\/links\/\">Continue Reading &#8230;<\/a><\/span><\/p>\n","protected":false},"author":1,"featured_media":0,"parent":0,"menu_order":5,"comment_status":"closed","ping_status":"closed","template":"","meta":{"footnotes":""},"class_list":["post-53","page","type-page","status-publish","hentry"],"_links":{"self":[{"href":"http:\/\/dsc.unisa.it\/fimiani\/index.php\/wp-json\/wp\/v2\/pages\/53","targetHints":{"allow":["GET"]}}],"collection":[{"href":"http:\/\/dsc.unisa.it\/fimiani\/index.php\/wp-json\/wp\/v2\/pages"}],"about":[{"href":"http:\/\/dsc.unisa.it\/fimiani\/index.php\/wp-json\/wp\/v2\/types\/page"}],"author":[{"embeddable":true,"href":"http:\/\/dsc.unisa.it\/fimiani\/index.php\/wp-json\/wp\/v2\/users\/1"}],"replies":[{"embeddable":true,"href":"http:\/\/dsc.unisa.it\/fimiani\/index.php\/wp-json\/wp\/v2\/comments?post=53"}],"version-history":[{"count":0,"href":"http:\/\/dsc.unisa.it\/fimiani\/index.php\/wp-json\/wp\/v2\/pages\/53\/revisions"}],"wp:attachment":[{"href":"http:\/\/dsc.unisa.it\/fimiani\/index.php\/wp-json\/wp\/v2\/media?parent=53"}],"curies":[{"name":"wp","href":"https:\/\/api.w.org\/{rel}","templated":true}]}}